{"id":1661,"date":"2016-01-20T23:31:39","date_gmt":"2016-01-20T23:31:39","guid":{"rendered":"http:\/\/cmt.fatrafoil.cz\/en\/produkty\/mekcene-pvc-folie\/specialni-folie\/"},"modified":"2021-08-27T07:06:41","modified_gmt":"2021-08-27T05:06:41","slug":"special-foils","status":"publish","type":"product","link":"https:\/\/www.folie-pvc.cz\/en\/products\/produkty\/plasticized-pvc-foils\/special-foils\/","title":{"rendered":"Special foils"},"content":{"rendered":"\n<h4 class=\"wp-block-cgb-block-ftr-product-heading product-block-title\">Application areas<\/h4>\n\n\n<div class=\"row description\">\n<div class=\"six columns\">\n<ul>\n<li>health care<\/li>\n<li>inflatable products<\/li>\n<li>tent Windows<\/li>\n<li>draught barriers<\/li>\n<\/ul>\n<\/div>\n<div class=\"six columns\">\n<ul>\n<li>non-flammable foil<\/li>\n<li>printed foil<\/li>\n<li>cut foil<\/li>\n<\/ul>\n<\/div>\n<\/div>\n\n\n<hr class=\"wp-block-cgb-block-ftr-product-section-line ftr-product-block-separator\"\/>\n\n\n\n<h4 class=\"wp-block-cgb-block-ftr-product-heading product-block-title\">Product advantages<\/h4>\n\n\n<div class=\"row usage\">The foil can be cut, sewn or glued together or joined by high-frequency welding and it can also be printed.<\/div>\n\n\n<hr class=\"wp-block-cgb-block-ftr-product-section-line ftr-product-block-separator\"\/>\n\n\n\n<h4 class=\"wp-block-cgb-block-ftr-product-heading product-block-title\">Usage instructions<\/h4>\n\n\n<div class=\"row instructions\">Foil sheets can be connected by gluing, sewing or high-frequency welding.<p><\/p>\n<p>If more foil types (kinds) are used (joined) for one product, the following principles must be observed:<\/p>\n<ul>\n<li>foil types of just one manufacturer may only be combined;<\/li>\n<li>only combine foil types with labels of the same colour;<\/li>\n<li>you must combine foil types of approximately the same hardness;<\/li>\n<li>all the used foil sheets on a product must be oriented in the same direction (resulting from the production direction and roll winding).<\/li>\n<\/ul>\n<\/div>\n\n\n<p><\/p>\n\n\n\n<hr class=\"wp-block-cgb-block-ftr-product-section-line ftr-product-block-separator\"\/>\n\n\n\n<h4 class=\"wp-block-cgb-block-ftr-product-heading product-block-title\">Photogallery<\/h4>\n\n\n<div class=\"row gallery\">\n<div id='gallery-1' class='gallery galleryid-1661 gallery-columns-3 gallery-size-medium'><figure class='gallery-item'>\n\t\t\t<div class='gallery-icon landscape'>\n\t\t\t\t<a href='https:\/\/www.folie-pvc.cz\/wp-content\/uploads\/2020\/10\/limec-modry.jpg'><img decoding=\"async\" width=\"300\" height=\"225\" data-src=\"https:\/\/www.folie-pvc.cz\/wp-content\/uploads\/2020\/10\/limec-modry-300x225.jpg\" class=\"attachment-medium size-medium lazyload\" alt=\"PVC-P foil type 991, inflatable collar\" aria-describedby=\"gallery-1-9025\" data-srcset=\"https:\/\/www.folie-pvc.cz\/wp-content\/uploads\/2020\/10\/limec-modry-300x225.jpg 300w, https:\/\/www.folie-pvc.cz\/wp-content\/uploads\/2020\/10\/limec-modry-768x576.jpg 768w, https:\/\/www.folie-pvc.cz\/wp-content\/uploads\/2020\/10\/limec-modry-733x550.jpg 733w, https:\/\/www.folie-pvc.cz\/wp-content\/uploads\/2020\/10\/limec-modry-400x300.jpg 400w, https:\/\/www.folie-pvc.cz\/wp-content\/uploads\/2020\/10\/limec-modry.jpg 800w\" data-sizes=\"(max-width: 300px) 100vw, 300px\" src=\"data:image\/svg+xml;base64,PHN2ZyB3aWR0aD0iMSIgaGVpZ2h0PSIxIiB4bWxucz0iaHR0cDovL3d3dy53My5vcmcvMjAwMC9zdmciPjwvc3ZnPg==\" style=\"--smush-placeholder-width: 300px; --smush-placeholder-aspect-ratio: 300\/225;\" \/><\/a>\n\t\t\t<\/div>\n\t\t\t\t<figcaption class='wp-caption-text gallery-caption' id='gallery-1-9025'>\n\t\t\t\tPVC-P foil type 991, inflatable collar\n\t\t\t\t<\/figcaption><\/figure><figure class='gallery-item'>\n\t\t\t<div class='gallery-icon landscape'>\n\t\t\t\t<a href='https:\/\/www.folie-pvc.cz\/wp-content\/uploads\/2016\/01\/foliepytlik.jpg'><img decoding=\"async\" width=\"300\" height=\"225\" data-src=\"https:\/\/www.folie-pvc.cz\/wp-content\/uploads\/2016\/01\/foliepytlik-300x225.jpg\" class=\"attachment-medium size-medium lazyload\" alt=\"PVC-P foil type 902, for urological bags\" aria-describedby=\"gallery-1-9046\" data-srcset=\"https:\/\/www.folie-pvc.cz\/wp-content\/uploads\/2016\/01\/foliepytlik-300x225.jpg 300w, https:\/\/www.folie-pvc.cz\/wp-content\/uploads\/2016\/01\/foliepytlik-768x576.jpg 768w, https:\/\/www.folie-pvc.cz\/wp-content\/uploads\/2016\/01\/foliepytlik-733x550.jpg 733w, https:\/\/www.folie-pvc.cz\/wp-content\/uploads\/2016\/01\/foliepytlik-400x300.jpg 400w, https:\/\/www.folie-pvc.cz\/wp-content\/uploads\/2016\/01\/foliepytlik.jpg 800w\" data-sizes=\"(max-width: 300px) 100vw, 300px\" src=\"data:image\/svg+xml;base64,PHN2ZyB3aWR0aD0iMSIgaGVpZ2h0PSIxIiB4bWxucz0iaHR0cDovL3d3dy53My5vcmcvMjAwMC9zdmciPjwvc3ZnPg==\" style=\"--smush-placeholder-width: 300px; --smush-placeholder-aspect-ratio: 300\/225;\" \/><\/a>\n\t\t\t<\/div>\n\t\t\t\t<figcaption class='wp-caption-text gallery-caption' id='gallery-1-9046'>\n\t\t\t\tPVC-P foil type 902, for urological bags\n\t\t\t\t<\/figcaption><\/figure><figure class='gallery-item'>\n\t\t\t<div class='gallery-icon landscape'>\n\t\t\t\t<a href='https:\/\/www.folie-pvc.cz\/wp-content\/uploads\/2016\/01\/protipruvanovy-pas.jpg'><img decoding=\"async\" width=\"300\" height=\"225\" data-src=\"https:\/\/www.folie-pvc.cz\/wp-content\/uploads\/2016\/01\/protipruvanovy-pas-300x225.jpg\" class=\"attachment-medium size-medium lazyload\" alt=\"PVC-P foil type 931, draft shield\" aria-describedby=\"gallery-1-9039\" data-srcset=\"https:\/\/www.folie-pvc.cz\/wp-content\/uploads\/2016\/01\/protipruvanovy-pas-300x225.jpg 300w, https:\/\/www.folie-pvc.cz\/wp-content\/uploads\/2016\/01\/protipruvanovy-pas-768x576.jpg 768w, https:\/\/www.folie-pvc.cz\/wp-content\/uploads\/2016\/01\/protipruvanovy-pas-733x550.jpg 733w, https:\/\/www.folie-pvc.cz\/wp-content\/uploads\/2016\/01\/protipruvanovy-pas-400x300.jpg 400w, https:\/\/www.folie-pvc.cz\/wp-content\/uploads\/2016\/01\/protipruvanovy-pas.jpg 800w\" data-sizes=\"(max-width: 300px) 100vw, 300px\" src=\"data:image\/svg+xml;base64,PHN2ZyB3aWR0aD0iMSIgaGVpZ2h0PSIxIiB4bWxucz0iaHR0cDovL3d3dy53My5vcmcvMjAwMC9zdmciPjwvc3ZnPg==\" style=\"--smush-placeholder-width: 300px; --smush-placeholder-aspect-ratio: 300\/225;\" \/><\/a>\n\t\t\t<\/div>\n\t\t\t\t<figcaption class='wp-caption-text gallery-caption' id='gallery-1-9039'>\n\t\t\t\tPVC-P foil type 931, draft shield\n\t\t\t\t<\/figcaption><\/figure><figure class='gallery-item'>\n\t\t\t<div class='gallery-icon landscape'>\n\t\t\t\t<a href='https:\/\/www.folie-pvc.cz\/wp-content\/uploads\/2016\/01\/party-stan.jpg'><img decoding=\"async\" width=\"300\" height=\"225\" data-src=\"https:\/\/www.folie-pvc.cz\/wp-content\/uploads\/2016\/01\/party-stan-300x225.jpg\" class=\"attachment-medium size-medium lazyload\" alt=\"PVC-P foil type 656, tent windows\" aria-describedby=\"gallery-1-9034\" data-srcset=\"https:\/\/www.folie-pvc.cz\/wp-content\/uploads\/2016\/01\/party-stan-300x225.jpg 300w, https:\/\/www.folie-pvc.cz\/wp-content\/uploads\/2016\/01\/party-stan-768x576.jpg 768w, https:\/\/www.folie-pvc.cz\/wp-content\/uploads\/2016\/01\/party-stan-733x550.jpg 733w, https:\/\/www.folie-pvc.cz\/wp-content\/uploads\/2016\/01\/party-stan-400x300.jpg 400w, https:\/\/www.folie-pvc.cz\/wp-content\/uploads\/2016\/01\/party-stan.jpg 800w\" data-sizes=\"(max-width: 300px) 100vw, 300px\" src=\"data:image\/svg+xml;base64,PHN2ZyB3aWR0aD0iMSIgaGVpZ2h0PSIxIiB4bWxucz0iaHR0cDovL3d3dy53My5vcmcvMjAwMC9zdmciPjwvc3ZnPg==\" style=\"--smush-placeholder-width: 300px; --smush-placeholder-aspect-ratio: 300\/225;\" \/><\/a>\n\t\t\t<\/div>\n\t\t\t\t<figcaption class='wp-caption-text gallery-caption' id='gallery-1-9034'>\n\t\t\t\tPVC-P foil type 656, tent windows\n\t\t\t\t<\/figcaption><\/figure><figure class='gallery-item'>\n\t\t\t<div class='gallery-icon landscape'>\n\t\t\t\t<a href='https:\/\/www.folie-pvc.cz\/wp-content\/uploads\/2016\/02\/podlo\u017eky-proti-prole\u017eenin\u00e1m.jpg'><img decoding=\"async\" width=\"300\" height=\"225\" data-src=\"https:\/\/www.folie-pvc.cz\/wp-content\/uploads\/2016\/02\/podlo\u017eky-proti-prole\u017eenin\u00e1m-300x225.jpg\" class=\"attachment-medium size-medium lazyload\" alt=\"Inflatable pad against bedsores, Fatra\" aria-describedby=\"gallery-1-1425\" data-srcset=\"https:\/\/www.folie-pvc.cz\/wp-content\/uploads\/2016\/02\/podlo\u017eky-proti-prole\u017eenin\u00e1m-300x225.jpg 300w, https:\/\/www.folie-pvc.cz\/wp-content\/uploads\/2016\/02\/podlo\u017eky-proti-prole\u017eenin\u00e1m-768x576.jpg 768w, https:\/\/www.folie-pvc.cz\/wp-content\/uploads\/2016\/02\/podlo\u017eky-proti-prole\u017eenin\u00e1m-733x550.jpg 733w, https:\/\/www.folie-pvc.cz\/wp-content\/uploads\/2016\/02\/podlo\u017eky-proti-prole\u017eenin\u00e1m.jpg 800w\" data-sizes=\"(max-width: 300px) 100vw, 300px\" src=\"data:image\/svg+xml;base64,PHN2ZyB3aWR0aD0iMSIgaGVpZ2h0PSIxIiB4bWxucz0iaHR0cDovL3d3dy53My5vcmcvMjAwMC9zdmciPjwvc3ZnPg==\" style=\"--smush-placeholder-width: 300px; --smush-placeholder-aspect-ratio: 300\/225;\" \/><\/a>\n\t\t\t<\/div>\n\t\t\t\t<figcaption class='wp-caption-text gallery-caption' id='gallery-1-1425'>\n\t\t\t\tInflatable pad against bedsores\n\t\t\t\t<\/figcaption><\/figure><figure class='gallery-item'>\n\t\t\t<div class='gallery-icon landscape'>\n\t\t\t\t<a href='https:\/\/www.folie-pvc.cz\/wp-content\/uploads\/2016\/02\/nafukovac\u00ed-v\u00fdrobky.jpg'><img decoding=\"async\" width=\"300\" height=\"225\" data-src=\"https:\/\/www.folie-pvc.cz\/wp-content\/uploads\/2016\/02\/nafukovac\u00ed-v\u00fdrobky-300x225.jpg\" class=\"attachment-medium size-medium lazyload\" alt=\"PVC-P foil, Inflatable products\" aria-describedby=\"gallery-1-1429\" data-srcset=\"https:\/\/www.folie-pvc.cz\/wp-content\/uploads\/2016\/02\/nafukovac\u00ed-v\u00fdrobky-300x225.jpg 300w, https:\/\/www.folie-pvc.cz\/wp-content\/uploads\/2016\/02\/nafukovac\u00ed-v\u00fdrobky-768x576.jpg 768w, https:\/\/www.folie-pvc.cz\/wp-content\/uploads\/2016\/02\/nafukovac\u00ed-v\u00fdrobky-733x550.jpg 733w, https:\/\/www.folie-pvc.cz\/wp-content\/uploads\/2016\/02\/nafukovac\u00ed-v\u00fdrobky.jpg 800w\" data-sizes=\"(max-width: 300px) 100vw, 300px\" src=\"data:image\/svg+xml;base64,PHN2ZyB3aWR0aD0iMSIgaGVpZ2h0PSIxIiB4bWxucz0iaHR0cDovL3d3dy53My5vcmcvMjAwMC9zdmciPjwvc3ZnPg==\" style=\"--smush-placeholder-width: 300px; --smush-placeholder-aspect-ratio: 300\/225;\" \/><\/a>\n\t\t\t<\/div>\n\t\t\t\t<figcaption class='wp-caption-text gallery-caption' id='gallery-1-1429'>\n\t\t\t\tPVC-P foil, Inflatable products\n\t\t\t\t<\/figcaption><\/figure><figure class='gallery-item'>\n\t\t\t<div class='gallery-icon landscape'>\n\t\t\t\t<a href='https:\/\/www.folie-pvc.cz\/wp-content\/uploads\/2020\/10\/slon_buvol_zirafa.jpg'><img decoding=\"async\" width=\"300\" height=\"225\" data-src=\"https:\/\/www.folie-pvc.cz\/wp-content\/uploads\/2020\/10\/slon_buvol_zirafa-300x225.jpg\" class=\"attachment-medium size-medium lazyload\" alt=\"PVC-P foil type 991, inflatable toys\" aria-describedby=\"gallery-1-9021\" data-srcset=\"https:\/\/www.folie-pvc.cz\/wp-content\/uploads\/2020\/10\/slon_buvol_zirafa-300x225.jpg 300w, https:\/\/www.folie-pvc.cz\/wp-content\/uploads\/2020\/10\/slon_buvol_zirafa-768x576.jpg 768w, https:\/\/www.folie-pvc.cz\/wp-content\/uploads\/2020\/10\/slon_buvol_zirafa-733x550.jpg 733w, https:\/\/www.folie-pvc.cz\/wp-content\/uploads\/2020\/10\/slon_buvol_zirafa-400x300.jpg 400w, https:\/\/www.folie-pvc.cz\/wp-content\/uploads\/2020\/10\/slon_buvol_zirafa.jpg 800w\" data-sizes=\"(max-width: 300px) 100vw, 300px\" src=\"data:image\/svg+xml;base64,PHN2ZyB3aWR0aD0iMSIgaGVpZ2h0PSIxIiB4bWxucz0iaHR0cDovL3d3dy53My5vcmcvMjAwMC9zdmciPjwvc3ZnPg==\" style=\"--smush-placeholder-width: 300px; --smush-placeholder-aspect-ratio: 300\/225;\" \/><\/a>\n\t\t\t<\/div>\n\t\t\t\t<figcaption class='wp-caption-text gallery-caption' id='gallery-1-9021'>\n\t\t\t\tPVC-P foil type 991, inflatable toys\n\t\t\t\t<\/figcaption><\/figure><figure class='gallery-item'>\n\t\t\t<div class='gallery-icon landscape'>\n\t\t\t\t<a href='https:\/\/www.folie-pvc.cz\/wp-content\/uploads\/2016\/01\/barev_pouziti_3.jpg'><img decoding=\"async\" width=\"300\" height=\"225\" data-src=\"https:\/\/www.folie-pvc.cz\/wp-content\/uploads\/2016\/01\/barev_pouziti_3-300x225.jpg\" class=\"attachment-medium size-medium lazyload\" alt=\"PVC-P foil type 875, inflatable cushion for healthy sitting\" aria-describedby=\"gallery-1-8911\" data-srcset=\"https:\/\/www.folie-pvc.cz\/wp-content\/uploads\/2016\/01\/barev_pouziti_3-300x225.jpg 300w, https:\/\/www.folie-pvc.cz\/wp-content\/uploads\/2016\/01\/barev_pouziti_3-768x576.jpg 768w, https:\/\/www.folie-pvc.cz\/wp-content\/uploads\/2016\/01\/barev_pouziti_3-733x550.jpg 733w, https:\/\/www.folie-pvc.cz\/wp-content\/uploads\/2016\/01\/barev_pouziti_3-400x300.jpg 400w, https:\/\/www.folie-pvc.cz\/wp-content\/uploads\/2016\/01\/barev_pouziti_3.jpg 800w\" data-sizes=\"(max-width: 300px) 100vw, 300px\" src=\"data:image\/svg+xml;base64,PHN2ZyB3aWR0aD0iMSIgaGVpZ2h0PSIxIiB4bWxucz0iaHR0cDovL3d3dy53My5vcmcvMjAwMC9zdmciPjwvc3ZnPg==\" style=\"--smush-placeholder-width: 300px; --smush-placeholder-aspect-ratio: 300\/225;\" \/><\/a>\n\t\t\t<\/div>\n\t\t\t\t<figcaption class='wp-caption-text gallery-caption' id='gallery-1-8911'>\n\t\t\t\tPVC-P foil type 875, inflatable cushion for healthy sitting\n\t\t\t\t<\/figcaption><\/figure>\n\t\t<\/div>\n\n<\/div>\n\n\n<hr class=\"wp-block-cgb-block-ftr-product-section-line ftr-product-block-separator\"\/>\n\n\n\n<h4 class=\"wp-block-cgb-block-ftr-product-heading product-block-title\">Contact<\/h4>\n\n\n\n<div class=\"wp-block-columns has-2-columns is-layout-flex wp-container-core-columns-is-layout-9d6595d7 wp-block-columns-is-layout-flex\">\n<div class=\"wp-block-column is-layout-flow wp-block-column-is-layout-flow\">\n<p>\n\nIf you are interested in the product<br>mentioned, you may contact directly<br>the sales department of Fatra.\n\n<\/p>\n<\/div>\n\n\n\n<div class=\"wp-block-column is-layout-flow wp-block-column-is-layout-flow\">\n<p><strong><strong>Martin Posp\u011bch<\/strong><br><\/strong>Tel.: +420&nbsp;577&nbsp;502&nbsp;274<br>Mobil: +420&nbsp;724&nbsp;405&nbsp;959<br>E-mail:\u00a0<a href=\"mailto:martin.pospech@fatra.cz\">martin.pospech@fatra.cz<\/a><\/p>\n<\/div>\n<\/div>\n\n\n\n<hr class=\"wp-block-cgb-block-ftr-product-section-line ftr-product-block-separator\"\/>\n\n\n<div class=\"row contentrow downloads_bar\"><h3 class=\"four columns hcolor\">Downloads<\/h3><div class=\"four columns\"><img decoding=\"async\" data-src=\"https:\/\/www.folie-pvc.cz\/wp-content\/uploads\/2020\/03\/ikony-TF.png\" alt=\"katalog\" class=\"katalog_img lazyload\" src=\"data:image\/svg+xml;base64,PHN2ZyB3aWR0aD0iMSIgaGVpZ2h0PSIxIiB4bWxucz0iaHR0cDovL3d3dy53My5vcmcvMjAwMC9zdmciPjwvc3ZnPg==\" style=\"--smush-placeholder-width: 286px; --smush-placeholder-aspect-ratio: 286\/222;\"><ul class=\"selectlike\"><li rel=\"#\"><span class=\"select_title\">Infolist plasticized PVC foils<\/span><ul class=\"options\"><li rel=\"https:\/\/www.folie-pvc.cz\/wp-content\/uploads\/2020\/03\/infolist-TF.pdf\" class=\"download_src src\">Infolist plasticized PVC foils<\/li><\/ul><\/li><\/div><div class=\"four columns\"><a href=\"https:\/\/www.folie-pvc.cz\/wp-content\/uploads\/2020\/03\/infolist-TF.pdf\" class=\"button button-primary bgcolor download_button src_button u-pull-right\">Download<\/a><\/div><\/div>\n","protected":false},"excerpt":{"rendered":"<div style=\"text-align: justify;\">\n<p>Plasticised polyvinyl chloride foil is produced for particular applications and has specific properties. Frost resistance, UV stability flame-retardant properties etc. of foil can be increased.<\/p>\n<\/div>\n","protected":false},"featured_media":9046,"parent":1603,"menu_order":3,"template":"","product_color":[],"product_use":[73,77,80,76],"class_list":["post-1661","product","type-product","status-publish","has-post-thumbnail","hentry","product_use-haberdashery","product_use-health-care","product_use-industry","product_use-inflatable-toys"],"_links":{"self":[{"href":"https:\/\/www.folie-pvc.cz\/en\/wp-json\/wp\/v2\/product\/1661","targetHints":{"allow":["GET"]}}],"collection":[{"href":"https:\/\/www.folie-pvc.cz\/en\/wp-json\/wp\/v2\/product"}],"about":[{"href":"https:\/\/www.folie-pvc.cz\/en\/wp-json\/wp\/v2\/types\/product"}],"version-history":[{"count":0,"href":"https:\/\/www.folie-pvc.cz\/en\/wp-json\/wp\/v2\/product\/1661\/revisions"}],"up":[{"embeddable":true,"href":"https:\/\/www.folie-pvc.cz\/en\/wp-json\/wp\/v2\/product\/1603"}],"wp:featuredmedia":[{"embeddable":true,"href":"https:\/\/www.folie-pvc.cz\/en\/wp-json\/wp\/v2\/media\/9046"}],"wp:attachment":[{"href":"https:\/\/www.folie-pvc.cz\/en\/wp-json\/wp\/v2\/media?parent=1661"}],"wp:term":[{"taxonomy":"product_color","embeddable":true,"href":"https:\/\/www.folie-pvc.cz\/en\/wp-json\/wp\/v2\/product_color?post=1661"},{"taxonomy":"product_use","embeddable":true,"href":"https:\/\/www.folie-pvc.cz\/en\/wp-json\/wp\/v2\/product_use?post=1661"}],"curies":[{"name":"wp","href":"https:\/\/api.w.org\/{rel}","templated":true}]}}